{"id":10493,"date":"2017-08-29T18:02:36","date_gmt":"2017-08-29T16:02:36","guid":{"rendered":"https:\/\/korwater.fr\/boutique\/uncategorized\/kor-one-rose-gold-750ml-2\/"},"modified":"2026-02-20T10:35:07","modified_gmt":"2026-02-20T09:35:07","slug":"kor-one-rose-gold-750ml-2","status":"publish","type":"product","link":"https:\/\/korwater.fr\/en\/shop\/reusable-bottle\/kor-one-rose-gold-750ml-2\/","title":{"rendered":"KOR One Rose Gold Reusable Bottle"},"content":{"rendered":"<div class=\"wrapper\"><div  class=\"column-section clearfix spaced-normal  col-align-top no-anim\"><div  class=\"column one-fifth   col1 no-anim\" >\n<p><img loading=\"lazy\" class=\"aligncenter size-full wp-image-10479\" src=\"https:\/\/korwater.fr\/wp-content\/uploads\/2017\/06\/BPA_free_icon.png\" alt=\"\" width=\"69\" height=\"69\" \/><\/p>\n<p class=\"advantages-product\" style=\"text-align: center;\"><strong>BPA Free<br \/>\n<\/strong><\/p>\n<\/div><div  class=\"column one-fifth   col2 no-anim\" >\n<p><img loading=\"lazy\" class=\"aligncenter size-full wp-image-10480\" src=\"https:\/\/korwater.fr\/wp-content\/uploads\/2017\/06\/hygienic_spout_img.png\" alt=\"\" width=\"69\" height=\"69\" \/><\/p>\n<p class=\"advantages-product\" style=\"text-align: center;\"><strong>Hygienic Spout<\/strong><\/p>\n<p style=\"text-align: center;\"><strong>Protects your spout from outside elements.<\/strong><\/p>\n<\/div><div  class=\"column one-fifth   col3 no-anim\" >\n<p><img loading=\"lazy\" class=\"aligncenter size-full wp-image-10481\" src=\"https:\/\/korwater.fr\/wp-content\/uploads\/2017\/06\/leak_proof_img.png\" alt=\"\" width=\"69\" height=\"69\" \/><\/p>\n<p class=\"advantages-product\" style=\"text-align: center;\"><strong>Leak Proof<br \/>\n<\/strong><\/p>\n<p style=\"text-align: center;\"><strong>Air tight + worry free.<br \/>\n<\/strong><\/p>\n<\/div><div  class=\"column one-fifth   col4 no-anim\" >\n<p><img loading=\"lazy\" class=\"aligncenter size-full wp-image-10478\" src=\"https:\/\/korwater.fr\/wp-content\/uploads\/2017\/06\/no-worry_cap_img.png\" alt=\"\" width=\"69\" height=\"69\" \/><\/p>\n<p class=\"advantages-product\" style=\"text-align: center;\"><strong>No-Worry Cap<br \/>\n<\/strong><\/p>\n<p style=\"text-align: center;\"><strong>One press open + obstruction free drinking.<br \/>\n<\/strong><\/p>\n<\/div><div  class=\"column one-fifth last-col  col5 no-anim\" >\n<p><img loading=\"lazy\" class=\"aligncenter size-full wp-image-10482\" src=\"https:\/\/korwater.fr\/wp-content\/uploads\/2017\/06\/no_slip_base_img.png\" alt=\"\" width=\"69\" height=\"69\" \/><\/p>\n<p class=\"advantages-product\" style=\"text-align: center;\"><strong>Cushioned + Non-slip Base<br \/>\n<\/strong><\/p>\n<p style=\"text-align: center;\"><strong>Keeps your bottle where you left it.<br \/>\n<\/strong><\/p>\n<\/div><\/div><\/div><div  class=\"fullwidth-section text-light section1\" style=\"background-color:\"><div class=\"fullwidth-content\"><div id=\"sc-gallery-grid1\" class=\"isotope-grid style-column-3 isotope-spaced-big offset-huge gallery-container\" ><div class=\"isotope-item sr-gallery-item \"><div class=\"gallery-item-inner item-inner do-anim\"><img class=\"lazy\" src=\"data:image\/gif;base64,R0lGODlhAQABAIAAAP\/\/\/wAAACH5BAEAAAAALAAAAAABAAEAAAICRAEAOw==\" data-src=\"https:\/\/korwater.fr\/wp-content\/uploads\/2017\/08\/Kor-one-gold-s3.jpg\" data-srcset=\"https:\/\/korwater.fr\/wp-content\/uploads\/2017\/08\/Kor-one-gold-s3.jpg 695w,https:\/\/korwater.fr\/wp-content\/uploads\/2017\/08\/Kor-one-gold-s3-640x640.jpg 640w\" data-sizes=\"(max-width: 695px) 100vw, 695px\" width=\"695\" height=\"695\" alt=\"Kor-one-gold-s3\" \/><\/div><\/div><div class=\"isotope-item sr-gallery-item \"><div class=\"gallery-item-inner item-inner do-anim\"><img class=\"lazy\" src=\"data:image\/gif;base64,R0lGODlhAQABAIAAAP\/\/\/wAAACH5BAEAAAAALAAAAAABAAEAAAICRAEAOw==\" data-src=\"https:\/\/korwater.fr\/wp-content\/uploads\/2017\/08\/Kor-one-gold-s1-1280x853.jpg\" data-srcset=\"https:\/\/korwater.fr\/wp-content\/uploads\/2017\/08\/Kor-one-gold-s1-1280x853.jpg 1280w,https:\/\/korwater.fr\/wp-content\/uploads\/2017\/08\/Kor-one-gold-s1-640x427.jpg 640w\" data-sizes=\"(max-width: 1280px) 100vw, 1280px\" width=\"1280\" height=\"853\" alt=\"Kor-one-gold-s1\" \/><\/div><\/div><div class=\"isotope-item sr-gallery-item \"><div class=\"gallery-item-inner item-inner do-anim\"><img class=\"lazy\" src=\"data:image\/gif;base64,R0lGODlhAQABAIAAAP\/\/\/wAAACH5BAEAAAAALAAAAAABAAEAAAICRAEAOw==\" data-src=\"https:\/\/korwater.fr\/wp-content\/uploads\/2017\/08\/Kor-one-gold-s2.jpg\" data-srcset=\"https:\/\/korwater.fr\/wp-content\/uploads\/2017\/08\/Kor-one-gold-s2.jpg 695w,https:\/\/korwater.fr\/wp-content\/uploads\/2017\/08\/Kor-one-gold-s2-640x640.jpg 640w\" data-sizes=\"(max-width: 695px) 100vw, 695px\" width=\"695\" height=\"695\" alt=\"Kor-one-gold-s2\" \/><\/div><\/div><\/div><\/div><\/div><div class=\"wrapper\"><div  class=\"column-section clearfix spaced-normal  col-align-top no-anim\"><div  class=\"column one-full last-col  col6 no-anim\" >\n<div class=\"sr-tabs tabs-button\"><ul class=\"tab-nav clearfix\"><li class=\"active\"><h6 class=\"tab-name title-alt\"><a href=\"tabid1\">Dimensions<\/a><\/h6><\/li><li ><h6 class=\"tab-name title-alt\"><a href=\"tabid2\">Materials<\/a><\/h6><\/li><\/ul><div class=\"tab-container clearfix\"><div class=\"tab-content tabid1 active\"><img loading=\"lazy\" class=\"aligncenter size-full wp-image-12831\" src=\"https:\/\/korwater.fr\/wp-content\/uploads\/2020\/01\/pro_one_dimension_img.png\" alt=\"\" width=\"777\" height=\"584\" srcset=\"https:\/\/korwater.fr\/wp-content\/uploads\/2020\/01\/pro_one_dimension_img.png 777w, https:\/\/korwater.fr\/wp-content\/uploads\/2020\/01\/pro_one_dimension_img-300x225.png 300w, https:\/\/korwater.fr\/wp-content\/uploads\/2020\/01\/pro_one_dimension_img-768x577.png 768w, https:\/\/korwater.fr\/wp-content\/uploads\/2020\/01\/pro_one_dimension_img-160x120.png 160w, https:\/\/korwater.fr\/wp-content\/uploads\/2020\/01\/pro_one_dimension_img-220x165.png 220w, https:\/\/korwater.fr\/wp-content\/uploads\/2020\/01\/pro_one_dimension_img-640x481.png 640w, https:\/\/korwater.fr\/wp-content\/uploads\/2020\/01\/pro_one_dimension_img-600x451.png 600w\" sizes=\"(max-width: 777px) 100vw, 777px\" \/><\/div><div class=\"tab-content tabid2 \"><img loading=\"lazy\" class=\"aligncenter size-full wp-image-12833\" src=\"https:\/\/korwater.fr\/wp-content\/uploads\/2020\/01\/one_pro_material_img_new.png\" alt=\"\" width=\"799\" height=\"605\" srcset=\"https:\/\/korwater.fr\/wp-content\/uploads\/2020\/01\/one_pro_material_img_new.png 799w, https:\/\/korwater.fr\/wp-content\/uploads\/2020\/01\/one_pro_material_img_new-300x227.png 300w, https:\/\/korwater.fr\/wp-content\/uploads\/2020\/01\/one_pro_material_img_new-768x582.png 768w, https:\/\/korwater.fr\/wp-content\/uploads\/2020\/01\/one_pro_material_img_new-160x121.png 160w, https:\/\/korwater.fr\/wp-content\/uploads\/2020\/01\/one_pro_material_img_new-220x167.png 220w, https:\/\/korwater.fr\/wp-content\/uploads\/2020\/01\/one_pro_material_img_new-640x485.png 640w, https:\/\/korwater.fr\/wp-content\/uploads\/2020\/01\/one_pro_material_img_new-600x454.png 600w\" sizes=\"(max-width: 799px) 100vw, 799px\" \/><\/div><\/div><\/div>\n<\/div><\/div><\/div>\n","protected":false},"excerpt":{"rendered":"<p class=\"cd-onet\">Limited edition &#8211; Only 100 copies!<\/p>\n<p>From its iconic form to its well-thought-out and surprising features, the KOR ONE celebrates water through form and function.<br \/>\nMade from BPA Eastman Tritan \u2122, the KOR ONE features a hinged lid and family ice cubes, threaded spout. Find out why thousands called it ONE the best reusable bottle \u2013 forever.<\/p>\n","protected":false},"featured_media":10336,"template":"","meta":[],"product_cat":[156],"product_tag":[190],"yoast_head":"<!-- This site is optimized with the Yoast SEO plugin v19.2 - https:\/\/yoast.com\/wordpress\/plugins\/seo\/ -->\n<title>Bouteille r\u00e9utilisable KOR One Rose Gold - Edition limit\u00e9e - Sans BPA<\/title>\n<meta name=\"description\" content=\"Cette \u00e9dition limit\u00e9e de notre bouteille r\u00e9utilisable est sublim\u00e9e par son design et sa couleur or rose, votre accessoire mode tendance et \u00e9cologique.\" \/>\n<meta name=\"robots\" content=\"index, follow, max-snippet:-1, max-image-preview:large, max-video-preview:-1\" \/>\n<link rel=\"canonical\" href=\"https:\/\/korwater.fr\/en\/shop\/reusable-bottle\/kor-one-rose-gold-750ml-2\/\" \/>\n<meta property=\"og:locale\" content=\"en_US\" \/>\n<meta property=\"og:type\" content=\"article\" \/>\n<meta property=\"og:title\" content=\"Bouteille r\u00e9utilisable KOR One Rose Gold - Edition limit\u00e9e - Sans BPA\" \/>\n<meta property=\"og:description\" content=\"Cette \u00e9dition limit\u00e9e de notre bouteille r\u00e9utilisable est sublim\u00e9e par son design et sa couleur or rose, votre accessoire mode tendance et \u00e9cologique.\" \/>\n<meta property=\"og:url\" content=\"https:\/\/korwater.fr\/en\/shop\/reusable-bottle\/kor-one-rose-gold-750ml-2\/\" \/>\n<meta property=\"og:site_name\" content=\"KOR\" \/>\n<meta property=\"article:publisher\" content=\"https:\/\/www.facebook.com\/KORWater.France\/\" \/>\n<meta property=\"article:modified_time\" content=\"2026-02-20T09:35:07+00:00\" \/>\n<meta property=\"og:image\" content=\"https:\/\/korwater.fr\/wp-content\/uploads\/2017\/08\/one_rose_gold_front.jpg\" \/>\n\t<meta property=\"og:image:width\" content=\"1000\" \/>\n\t<meta property=\"og:image:height\" content=\"1000\" \/>\n\t<meta property=\"og:image:type\" content=\"image\/jpeg\" \/>\n<meta name=\"author\" content=\"Julien\" \/>\n<meta name=\"twitter:card\" content=\"summary_large_image\" \/>\n<meta name=\"twitter:label1\" content=\"Est. reading time\" \/>\n\t<meta name=\"twitter:data1\" content=\"1 minute\" \/>\n<script type=\"application\/ld+json\" class=\"yoast-schema-graph\">{\"@context\":\"https:\/\/schema.org\",\"@graph\":[{\"@type\":\"Organization\",\"@id\":\"https:\/\/korwater.fr\/#organization\",\"name\":\"KOR Water France\",\"url\":\"https:\/\/korwater.fr\/\",\"sameAs\":[\"https:\/\/instagram.com\/korwaterfr\",\"https:\/\/www.facebook.com\/KORWater.France\/\"],\"logo\":{\"@type\":\"ImageObject\",\"inLanguage\":\"en-US\",\"@id\":\"https:\/\/korwater.fr\/#\/schema\/logo\/image\/\",\"url\":\"https:\/\/korwater.fr\/wp-content\/uploads\/2019\/11\/kor-logo.png\",\"contentUrl\":\"https:\/\/korwater.fr\/wp-content\/uploads\/2019\/11\/kor-logo.png\",\"width\":300,\"height\":125,\"caption\":\"KOR Water France\"},\"image\":{\"@id\":\"https:\/\/korwater.fr\/#\/schema\/logo\/image\/\"}},{\"@type\":\"WebSite\",\"@id\":\"https:\/\/korwater.fr\/#website\",\"url\":\"https:\/\/korwater.fr\/\",\"name\":\"KOR\",\"description\":\"L&#039;Eau, Le Design, la Plan\u00e8te\",\"publisher\":{\"@id\":\"https:\/\/korwater.fr\/#organization\"},\"potentialAction\":[{\"@type\":\"SearchAction\",\"target\":{\"@type\":\"EntryPoint\",\"urlTemplate\":\"https:\/\/korwater.fr\/?s={search_term_string}\"},\"query-input\":\"required name=search_term_string\"}],\"inLanguage\":\"en-US\"},{\"@type\":\"ImageObject\",\"inLanguage\":\"en-US\",\"@id\":\"https:\/\/korwater.fr\/en\/shop\/reusable-bottle\/kor-one-rose-gold-750ml-2\/#primaryimage\",\"url\":\"https:\/\/korwater.fr\/wp-content\/uploads\/2017\/08\/one_rose_gold_front.jpg\",\"contentUrl\":\"https:\/\/korwater.fr\/wp-content\/uploads\/2017\/08\/one_rose_gold_front.jpg\",\"width\":1000,\"height\":1000},{\"@type\":\"WebPage\",\"@id\":\"https:\/\/korwater.fr\/en\/shop\/reusable-bottle\/kor-one-rose-gold-750ml-2\/#webpage\",\"url\":\"https:\/\/korwater.fr\/en\/shop\/reusable-bottle\/kor-one-rose-gold-750ml-2\/\",\"name\":\"Bouteille r\u00e9utilisable KOR One Rose Gold - Edition limit\u00e9e - Sans BPA\",\"isPartOf\":{\"@id\":\"https:\/\/korwater.fr\/#website\"},\"primaryImageOfPage\":{\"@id\":\"https:\/\/korwater.fr\/en\/shop\/reusable-bottle\/kor-one-rose-gold-750ml-2\/#primaryimage\"},\"datePublished\":\"2017-08-29T16:02:36+00:00\",\"dateModified\":\"2026-02-20T09:35:07+00:00\",\"description\":\"Cette \u00e9dition limit\u00e9e de notre bouteille r\u00e9utilisable est sublim\u00e9e par son design et sa couleur or rose, votre accessoire mode tendance et \u00e9cologique.\",\"breadcrumb\":{\"@id\":\"https:\/\/korwater.fr\/en\/shop\/reusable-bottle\/kor-one-rose-gold-750ml-2\/#breadcrumb\"},\"inLanguage\":\"en-US\",\"potentialAction\":[{\"@type\":\"ReadAction\",\"target\":[\"https:\/\/korwater.fr\/en\/shop\/reusable-bottle\/kor-one-rose-gold-750ml-2\/\"]}]},{\"@type\":\"BreadcrumbList\",\"@id\":\"https:\/\/korwater.fr\/en\/shop\/reusable-bottle\/kor-one-rose-gold-750ml-2\/#breadcrumb\",\"itemListElement\":[{\"@type\":\"ListItem\",\"position\":1,\"name\":\"Accueil\",\"item\":\"https:\/\/korwater.fr\/en\/\"},{\"@type\":\"ListItem\",\"position\":2,\"name\":\"Shop\",\"item\":\"https:\/\/korwater.fr\/en\/korshop\/\"},{\"@type\":\"ListItem\",\"position\":3,\"name\":\"KOR One Rose Gold Reusable Bottle\"}]}]}<\/script>\n<!-- \/ Yoast SEO plugin. -->","yoast_head_json":{"title":"Bouteille r\u00e9utilisable KOR One Rose Gold - Edition limit\u00e9e - Sans BPA","description":"Cette \u00e9dition limit\u00e9e de notre bouteille r\u00e9utilisable est sublim\u00e9e par son design et sa couleur or rose, votre accessoire mode tendance et \u00e9cologique.","robots":{"index":"index","follow":"follow","max-snippet":"max-snippet:-1","max-image-preview":"max-image-preview:large","max-video-preview":"max-video-preview:-1"},"canonical":"https:\/\/korwater.fr\/en\/shop\/reusable-bottle\/kor-one-rose-gold-750ml-2\/","og_locale":"en_US","og_type":"article","og_title":"Bouteille r\u00e9utilisable KOR One Rose Gold - Edition limit\u00e9e - Sans BPA","og_description":"Cette \u00e9dition limit\u00e9e de notre bouteille r\u00e9utilisable est sublim\u00e9e par son design et sa couleur or rose, votre accessoire mode tendance et \u00e9cologique.","og_url":"https:\/\/korwater.fr\/en\/shop\/reusable-bottle\/kor-one-rose-gold-750ml-2\/","og_site_name":"KOR","article_publisher":"https:\/\/www.facebook.com\/KORWater.France\/","article_modified_time":"2026-02-20T09:35:07+00:00","og_image":[{"width":1000,"height":1000,"url":"https:\/\/korwater.fr\/wp-content\/uploads\/2017\/08\/one_rose_gold_front.jpg","type":"image\/jpeg"}],"author":"Julien","twitter_card":"summary_large_image","twitter_misc":{"Est. reading time":"1 minute"},"schema":{"@context":"https:\/\/schema.org","@graph":[{"@type":"Organization","@id":"https:\/\/korwater.fr\/#organization","name":"KOR Water France","url":"https:\/\/korwater.fr\/","sameAs":["https:\/\/instagram.com\/korwaterfr","https:\/\/www.facebook.com\/KORWater.France\/"],"logo":{"@type":"ImageObject","inLanguage":"en-US","@id":"https:\/\/korwater.fr\/#\/schema\/logo\/image\/","url":"https:\/\/korwater.fr\/wp-content\/uploads\/2019\/11\/kor-logo.png","contentUrl":"https:\/\/korwater.fr\/wp-content\/uploads\/2019\/11\/kor-logo.png","width":300,"height":125,"caption":"KOR Water France"},"image":{"@id":"https:\/\/korwater.fr\/#\/schema\/logo\/image\/"}},{"@type":"WebSite","@id":"https:\/\/korwater.fr\/#website","url":"https:\/\/korwater.fr\/","name":"KOR","description":"L&#039;Eau, Le Design, la Plan\u00e8te","publisher":{"@id":"https:\/\/korwater.fr\/#organization"},"potentialAction":[{"@type":"SearchAction","target":{"@type":"EntryPoint","urlTemplate":"https:\/\/korwater.fr\/?s={search_term_string}"},"query-input":"required name=search_term_string"}],"inLanguage":"en-US"},{"@type":"ImageObject","inLanguage":"en-US","@id":"https:\/\/korwater.fr\/en\/shop\/reusable-bottle\/kor-one-rose-gold-750ml-2\/#primaryimage","url":"https:\/\/korwater.fr\/wp-content\/uploads\/2017\/08\/one_rose_gold_front.jpg","contentUrl":"https:\/\/korwater.fr\/wp-content\/uploads\/2017\/08\/one_rose_gold_front.jpg","width":1000,"height":1000},{"@type":"WebPage","@id":"https:\/\/korwater.fr\/en\/shop\/reusable-bottle\/kor-one-rose-gold-750ml-2\/#webpage","url":"https:\/\/korwater.fr\/en\/shop\/reusable-bottle\/kor-one-rose-gold-750ml-2\/","name":"Bouteille r\u00e9utilisable KOR One Rose Gold - Edition limit\u00e9e - Sans BPA","isPartOf":{"@id":"https:\/\/korwater.fr\/#website"},"primaryImageOfPage":{"@id":"https:\/\/korwater.fr\/en\/shop\/reusable-bottle\/kor-one-rose-gold-750ml-2\/#primaryimage"},"datePublished":"2017-08-29T16:02:36+00:00","dateModified":"2026-02-20T09:35:07+00:00","description":"Cette \u00e9dition limit\u00e9e de notre bouteille r\u00e9utilisable est sublim\u00e9e par son design et sa couleur or rose, votre accessoire mode tendance et \u00e9cologique.","breadcrumb":{"@id":"https:\/\/korwater.fr\/en\/shop\/reusable-bottle\/kor-one-rose-gold-750ml-2\/#breadcrumb"},"inLanguage":"en-US","potentialAction":[{"@type":"ReadAction","target":["https:\/\/korwater.fr\/en\/shop\/reusable-bottle\/kor-one-rose-gold-750ml-2\/"]}]},{"@type":"BreadcrumbList","@id":"https:\/\/korwater.fr\/en\/shop\/reusable-bottle\/kor-one-rose-gold-750ml-2\/#breadcrumb","itemListElement":[{"@type":"ListItem","position":1,"name":"Accueil","item":"https:\/\/korwater.fr\/en\/"},{"@type":"ListItem","position":2,"name":"Shop","item":"https:\/\/korwater.fr\/en\/korshop\/"},{"@type":"ListItem","position":3,"name":"KOR One Rose Gold Reusable Bottle"}]}]}},"_links":{"self":[{"href":"https:\/\/korwater.fr\/en\/wp-json\/wp\/v2\/product\/10493"}],"collection":[{"href":"https:\/\/korwater.fr\/en\/wp-json\/wp\/v2\/product"}],"about":[{"href":"https:\/\/korwater.fr\/en\/wp-json\/wp\/v2\/types\/product"}],"wp:featuredmedia":[{"embeddable":true,"href":"https:\/\/korwater.fr\/en\/wp-json\/wp\/v2\/media\/10336"}],"wp:attachment":[{"href":"https:\/\/korwater.fr\/en\/wp-json\/wp\/v2\/media?parent=10493"}],"wp:term":[{"taxonomy":"product_cat","embeddable":true,"href":"https:\/\/korwater.fr\/en\/wp-json\/wp\/v2\/product_cat?post=10493"},{"taxonomy":"product_tag","embeddable":true,"href":"https:\/\/korwater.fr\/en\/wp-json\/wp\/v2\/product_tag?post=10493"}],"curies":[{"name":"wp","href":"https:\/\/api.w.org\/{rel}","templated":true}]}}