{"id":10507,"date":"2018-04-10T08:53:11","date_gmt":"2018-04-10T06:53:11","guid":{"rendered":"https:\/\/korwater.fr\/boutique\/uncategorized\/kor-devi-600ml-2\/"},"modified":"2024-04-19T09:57:20","modified_gmt":"2024-04-19T07:57:20","slug":"kor-devi-600ml","status":"publish","type":"product","link":"https:\/\/korwater.fr\/en\/shop\/insulated-bottle\/kor-devi-600ml\/","title":{"rendered":"Insulated inox bottle KOR Devi"},"content":{"rendered":"<div class=\"wrapper-small\"><div  class=\"column-section clearfix spaced-normal  col-align-top no-anim\"><div  class=\"column one-full last-col  col1 no-anim\" >\n<p class=\"home_water_section\" style=\"text-align: center;\">Insulated Vacuum 18\/8 Stainless steel waterbottle with a modern design and a \u00ab One hand \u00bb lid opening system with lock function.<\/p>\n<p class=\"home_water_section\" style=\"text-align: center;\">The Lid has a screw system for a larger opening, easy ice filling &amp; bottle cleaning etc..<\/p>\n<div class=\"spacer spacer-big \"><\/div><\/div><\/div><\/div><div class=\"wrapper-medium\"><div  class=\"column-section clearfix spaced-normal  col-align-top no-anim\"><div  class=\"column one-third   col2 no-anim\" >\n<p><img loading=\"lazy\" class=\"aligncenter size-full wp-image-10481\" src=\"https:\/\/korwater.fr\/wp-content\/uploads\/2017\/06\/leak_proof_img.png\" alt=\"\" width=\"69\" height=\"69\" \/><\/p>\n<p class=\"advantages-product\" style=\"text-align: center;\"><strong>Leak Proof<br \/>\n<\/strong><\/p>\n<p style=\"text-align: center;\"><strong>Air tight + worry free.<\/strong><\/p>\n<\/div><div  class=\"column one-third   col3 no-anim\" >\n<p><img loading=\"lazy\" class=\"aligncenter size-full wp-image-10478\" src=\"https:\/\/korwater.fr\/wp-content\/uploads\/2017\/06\/no-worry_cap_img.png\" alt=\"\" width=\"69\" height=\"69\" \/><\/p>\n<p class=\"advantages-product\" style=\"text-align: center;\"><strong>No-Worry Cap<br \/>\n<\/strong><\/p>\n<p style=\"text-align: center;\"><strong>One press open + obstruction free drinking.<\/strong><\/p>\n<\/div><div  class=\"column one-third last-col  col4 no-anim\" >\n<p><img loading=\"lazy\" class=\"aligncenter size-full wp-image-10479\" src=\"https:\/\/korwater.fr\/wp-content\/uploads\/2017\/06\/BPA_free_icon.png\" alt=\"\" width=\"69\" height=\"69\" \/><\/p>\n<p class=\"advantages-product\" style=\"text-align: center;\"><strong>BPA Free<br \/>\n<\/strong><\/p>\n<p style=\"text-align: center;\"><strong>18\/8 stainless steel<\/strong><\/p>\n<\/div><\/div><\/div><div  class=\"fullwidth-section text-dark section1\" style=\"background-color:\"><div class=\"fullwidth-content\"><div id=\"sc-gallery-grid1\" class=\"isotope-grid style-column-2 isotope-spaced-big offset-huge gallery-container\" ><div class=\"isotope-item sr-gallery-item \"><div class=\"gallery-item-inner item-inner do-anim\"><img class=\"lazy\" src=\"data:image\/gif;base64,R0lGODlhAQABAIAAAP\/\/\/wAAACH5BAEAAAAALAAAAAABAAEAAAICRAEAOw==\" data-src=\"https:\/\/korwater.fr\/wp-content\/uploads\/2018\/04\/8A6A4903-min-1680x1120.jpg\" data-srcset=\"https:\/\/korwater.fr\/wp-content\/uploads\/2018\/04\/8A6A4903-min-1680x1120.jpg 1680w,https:\/\/korwater.fr\/wp-content\/uploads\/2018\/04\/8A6A4903-min-1280x853.jpg 1280w,https:\/\/korwater.fr\/wp-content\/uploads\/2018\/04\/8A6A4903-min-640x427.jpg 640w\" data-sizes=\"(max-width: 1680px) 100vw, 1680px\" width=\"1680\" height=\"1120\" alt=\"8A6A4903-min\" \/><\/div><\/div><div class=\"isotope-item sr-gallery-item \"><div class=\"gallery-item-inner item-inner do-anim\"><img class=\"lazy\" src=\"data:image\/gif;base64,R0lGODlhAQABAIAAAP\/\/\/wAAACH5BAEAAAAALAAAAAABAAEAAAICRAEAOw==\" data-src=\"https:\/\/korwater.fr\/wp-content\/uploads\/2018\/04\/8A6A4837-min-1680x1120.jpg\" data-srcset=\"https:\/\/korwater.fr\/wp-content\/uploads\/2018\/04\/8A6A4837-min-1680x1120.jpg 1680w,https:\/\/korwater.fr\/wp-content\/uploads\/2018\/04\/8A6A4837-min-1280x853.jpg 1280w,https:\/\/korwater.fr\/wp-content\/uploads\/2018\/04\/8A6A4837-min-640x427.jpg 640w\" data-sizes=\"(max-width: 1680px) 100vw, 1680px\" width=\"1680\" height=\"1120\" alt=\"8A6A4837-min\" \/><\/div><\/div><\/div><\/div><\/div>\n","protected":false},"excerpt":{"rendered":"<p>The perfect accessory throughout your day for drinking coffee or tea with 12 hours of keeping warm.<br \/>\nDevi also allows you to keep your drinks cold for 24 hours.<\/p>\n","protected":false},"featured_media":10119,"template":"","meta":[],"product_cat":[159],"product_tag":[188],"yoast_head":"<!-- This site is optimized with the Yoast SEO plugin v19.2 - https:\/\/yoast.com\/wordpress\/plugins\/seo\/ -->\n<title>Gourde isotherme acier KOR Devi 600 ml - conserve chaud et froid 24h<\/title>\n<meta name=\"description\" content=\"KOR Devi est un thermos nouvelle g\u00e9n\u00e9ration qui tient vos boissons chaudes ou froides tr\u00e8s longtemps. Design et sans BPA , solide et r\u00e9utilisable \u00e0 l&#039;infini !\" \/>\n<meta name=\"robots\" content=\"index, follow, max-snippet:-1, max-image-preview:large, max-video-preview:-1\" \/>\n<link rel=\"canonical\" href=\"https:\/\/korwater.fr\/en\/shop\/insulated-bottle\/kor-devi-600ml\/\" \/>\n<meta property=\"og:locale\" content=\"en_US\" \/>\n<meta property=\"og:type\" content=\"article\" \/>\n<meta property=\"og:title\" content=\"Gourde isotherme acier KOR Devi 600 ml - conserve chaud et froid 24h\" \/>\n<meta property=\"og:description\" content=\"KOR Devi est un thermos nouvelle g\u00e9n\u00e9ration qui tient vos boissons chaudes ou froides tr\u00e8s longtemps. Design et sans BPA , solide et r\u00e9utilisable \u00e0 l&#039;infini !\" \/>\n<meta property=\"og:url\" content=\"https:\/\/korwater.fr\/en\/shop\/insulated-bottle\/kor-devi-600ml\/\" \/>\n<meta property=\"og:site_name\" content=\"KOR\" \/>\n<meta property=\"article:publisher\" content=\"https:\/\/www.facebook.com\/KORWater.France\/\" \/>\n<meta property=\"article:modified_time\" content=\"2024-04-19T07:57:20+00:00\" \/>\n<meta property=\"og:image\" content=\"https:\/\/korwater.fr\/wp-content\/uploads\/2018\/04\/devi_pearl_pink_front.jpg\" \/>\n\t<meta property=\"og:image:width\" content=\"800\" \/>\n\t<meta property=\"og:image:height\" content=\"920\" \/>\n\t<meta property=\"og:image:type\" content=\"image\/jpeg\" \/>\n<meta name=\"author\" content=\"Julien\" \/>\n<meta name=\"twitter:card\" content=\"summary_large_image\" \/>\n<meta name=\"twitter:label1\" content=\"Est. reading time\" \/>\n\t<meta name=\"twitter:data1\" content=\"1 minute\" \/>\n<script type=\"application\/ld+json\" class=\"yoast-schema-graph\">{\"@context\":\"https:\/\/schema.org\",\"@graph\":[{\"@type\":\"Organization\",\"@id\":\"https:\/\/korwater.fr\/#organization\",\"name\":\"KOR Water France\",\"url\":\"https:\/\/korwater.fr\/\",\"sameAs\":[\"https:\/\/instagram.com\/korwaterfr\",\"https:\/\/www.facebook.com\/KORWater.France\/\"],\"logo\":{\"@type\":\"ImageObject\",\"inLanguage\":\"en-US\",\"@id\":\"https:\/\/korwater.fr\/#\/schema\/logo\/image\/\",\"url\":\"https:\/\/korwater.fr\/wp-content\/uploads\/2019\/11\/kor-logo.png\",\"contentUrl\":\"https:\/\/korwater.fr\/wp-content\/uploads\/2019\/11\/kor-logo.png\",\"width\":300,\"height\":125,\"caption\":\"KOR Water France\"},\"image\":{\"@id\":\"https:\/\/korwater.fr\/#\/schema\/logo\/image\/\"}},{\"@type\":\"WebSite\",\"@id\":\"https:\/\/korwater.fr\/#website\",\"url\":\"https:\/\/korwater.fr\/\",\"name\":\"KOR\",\"description\":\"L&#039;Eau, Le Design, la Plan\u00e8te\",\"publisher\":{\"@id\":\"https:\/\/korwater.fr\/#organization\"},\"potentialAction\":[{\"@type\":\"SearchAction\",\"target\":{\"@type\":\"EntryPoint\",\"urlTemplate\":\"https:\/\/korwater.fr\/?s={search_term_string}\"},\"query-input\":\"required name=search_term_string\"}],\"inLanguage\":\"en-US\"},{\"@type\":\"ImageObject\",\"inLanguage\":\"en-US\",\"@id\":\"https:\/\/korwater.fr\/en\/shop\/insulated-bottle\/kor-devi-600ml\/#primaryimage\",\"url\":\"https:\/\/korwater.fr\/wp-content\/uploads\/2018\/04\/devi_pearl_pink_front.jpg\",\"contentUrl\":\"https:\/\/korwater.fr\/wp-content\/uploads\/2018\/04\/devi_pearl_pink_front.jpg\",\"width\":800,\"height\":920},{\"@type\":\"WebPage\",\"@id\":\"https:\/\/korwater.fr\/en\/shop\/insulated-bottle\/kor-devi-600ml\/#webpage\",\"url\":\"https:\/\/korwater.fr\/en\/shop\/insulated-bottle\/kor-devi-600ml\/\",\"name\":\"Gourde isotherme acier KOR Devi 600 ml - conserve chaud et froid 24h\",\"isPartOf\":{\"@id\":\"https:\/\/korwater.fr\/#website\"},\"primaryImageOfPage\":{\"@id\":\"https:\/\/korwater.fr\/en\/shop\/insulated-bottle\/kor-devi-600ml\/#primaryimage\"},\"datePublished\":\"2018-04-10T06:53:11+00:00\",\"dateModified\":\"2024-04-19T07:57:20+00:00\",\"description\":\"KOR Devi est un thermos nouvelle g\u00e9n\u00e9ration qui tient vos boissons chaudes ou froides tr\u00e8s longtemps. Design et sans BPA , solide et r\u00e9utilisable \u00e0 l'infini !\",\"breadcrumb\":{\"@id\":\"https:\/\/korwater.fr\/en\/shop\/insulated-bottle\/kor-devi-600ml\/#breadcrumb\"},\"inLanguage\":\"en-US\",\"potentialAction\":[{\"@type\":\"ReadAction\",\"target\":[\"https:\/\/korwater.fr\/en\/shop\/insulated-bottle\/kor-devi-600ml\/\"]}]},{\"@type\":\"BreadcrumbList\",\"@id\":\"https:\/\/korwater.fr\/en\/shop\/insulated-bottle\/kor-devi-600ml\/#breadcrumb\",\"itemListElement\":[{\"@type\":\"ListItem\",\"position\":1,\"name\":\"Accueil\",\"item\":\"https:\/\/korwater.fr\/en\/\"},{\"@type\":\"ListItem\",\"position\":2,\"name\":\"Shop\",\"item\":\"https:\/\/korwater.fr\/en\/korshop\/\"},{\"@type\":\"ListItem\",\"position\":3,\"name\":\"Insulated inox bottle KOR Devi\"}]}]}<\/script>\n<!-- \/ Yoast SEO plugin. -->","yoast_head_json":{"title":"Gourde isotherme acier KOR Devi 600 ml - conserve chaud et froid 24h","description":"KOR Devi est un thermos nouvelle g\u00e9n\u00e9ration qui tient vos boissons chaudes ou froides tr\u00e8s longtemps. Design et sans BPA , solide et r\u00e9utilisable \u00e0 l'infini !","robots":{"index":"index","follow":"follow","max-snippet":"max-snippet:-1","max-image-preview":"max-image-preview:large","max-video-preview":"max-video-preview:-1"},"canonical":"https:\/\/korwater.fr\/en\/shop\/insulated-bottle\/kor-devi-600ml\/","og_locale":"en_US","og_type":"article","og_title":"Gourde isotherme acier KOR Devi 600 ml - conserve chaud et froid 24h","og_description":"KOR Devi est un thermos nouvelle g\u00e9n\u00e9ration qui tient vos boissons chaudes ou froides tr\u00e8s longtemps. Design et sans BPA , solide et r\u00e9utilisable \u00e0 l'infini !","og_url":"https:\/\/korwater.fr\/en\/shop\/insulated-bottle\/kor-devi-600ml\/","og_site_name":"KOR","article_publisher":"https:\/\/www.facebook.com\/KORWater.France\/","article_modified_time":"2024-04-19T07:57:20+00:00","og_image":[{"width":800,"height":920,"url":"https:\/\/korwater.fr\/wp-content\/uploads\/2018\/04\/devi_pearl_pink_front.jpg","type":"image\/jpeg"}],"author":"Julien","twitter_card":"summary_large_image","twitter_misc":{"Est. reading time":"1 minute"},"schema":{"@context":"https:\/\/schema.org","@graph":[{"@type":"Organization","@id":"https:\/\/korwater.fr\/#organization","name":"KOR Water France","url":"https:\/\/korwater.fr\/","sameAs":["https:\/\/instagram.com\/korwaterfr","https:\/\/www.facebook.com\/KORWater.France\/"],"logo":{"@type":"ImageObject","inLanguage":"en-US","@id":"https:\/\/korwater.fr\/#\/schema\/logo\/image\/","url":"https:\/\/korwater.fr\/wp-content\/uploads\/2019\/11\/kor-logo.png","contentUrl":"https:\/\/korwater.fr\/wp-content\/uploads\/2019\/11\/kor-logo.png","width":300,"height":125,"caption":"KOR Water France"},"image":{"@id":"https:\/\/korwater.fr\/#\/schema\/logo\/image\/"}},{"@type":"WebSite","@id":"https:\/\/korwater.fr\/#website","url":"https:\/\/korwater.fr\/","name":"KOR","description":"L&#039;Eau, Le Design, la Plan\u00e8te","publisher":{"@id":"https:\/\/korwater.fr\/#organization"},"potentialAction":[{"@type":"SearchAction","target":{"@type":"EntryPoint","urlTemplate":"https:\/\/korwater.fr\/?s={search_term_string}"},"query-input":"required name=search_term_string"}],"inLanguage":"en-US"},{"@type":"ImageObject","inLanguage":"en-US","@id":"https:\/\/korwater.fr\/en\/shop\/insulated-bottle\/kor-devi-600ml\/#primaryimage","url":"https:\/\/korwater.fr\/wp-content\/uploads\/2018\/04\/devi_pearl_pink_front.jpg","contentUrl":"https:\/\/korwater.fr\/wp-content\/uploads\/2018\/04\/devi_pearl_pink_front.jpg","width":800,"height":920},{"@type":"WebPage","@id":"https:\/\/korwater.fr\/en\/shop\/insulated-bottle\/kor-devi-600ml\/#webpage","url":"https:\/\/korwater.fr\/en\/shop\/insulated-bottle\/kor-devi-600ml\/","name":"Gourde isotherme acier KOR Devi 600 ml - conserve chaud et froid 24h","isPartOf":{"@id":"https:\/\/korwater.fr\/#website"},"primaryImageOfPage":{"@id":"https:\/\/korwater.fr\/en\/shop\/insulated-bottle\/kor-devi-600ml\/#primaryimage"},"datePublished":"2018-04-10T06:53:11+00:00","dateModified":"2024-04-19T07:57:20+00:00","description":"KOR Devi est un thermos nouvelle g\u00e9n\u00e9ration qui tient vos boissons chaudes ou froides tr\u00e8s longtemps. Design et sans BPA , solide et r\u00e9utilisable \u00e0 l'infini !","breadcrumb":{"@id":"https:\/\/korwater.fr\/en\/shop\/insulated-bottle\/kor-devi-600ml\/#breadcrumb"},"inLanguage":"en-US","potentialAction":[{"@type":"ReadAction","target":["https:\/\/korwater.fr\/en\/shop\/insulated-bottle\/kor-devi-600ml\/"]}]},{"@type":"BreadcrumbList","@id":"https:\/\/korwater.fr\/en\/shop\/insulated-bottle\/kor-devi-600ml\/#breadcrumb","itemListElement":[{"@type":"ListItem","position":1,"name":"Accueil","item":"https:\/\/korwater.fr\/en\/"},{"@type":"ListItem","position":2,"name":"Shop","item":"https:\/\/korwater.fr\/en\/korshop\/"},{"@type":"ListItem","position":3,"name":"Insulated inox bottle KOR Devi"}]}]}},"_links":{"self":[{"href":"https:\/\/korwater.fr\/en\/wp-json\/wp\/v2\/product\/10507"}],"collection":[{"href":"https:\/\/korwater.fr\/en\/wp-json\/wp\/v2\/product"}],"about":[{"href":"https:\/\/korwater.fr\/en\/wp-json\/wp\/v2\/types\/product"}],"wp:featuredmedia":[{"embeddable":true,"href":"https:\/\/korwater.fr\/en\/wp-json\/wp\/v2\/media\/10119"}],"wp:attachment":[{"href":"https:\/\/korwater.fr\/en\/wp-json\/wp\/v2\/media?parent=10507"}],"wp:term":[{"taxonomy":"product_cat","embeddable":true,"href":"https:\/\/korwater.fr\/en\/wp-json\/wp\/v2\/product_cat?post=10507"},{"taxonomy":"product_tag","embeddable":true,"href":"https:\/\/korwater.fr\/en\/wp-json\/wp\/v2\/product_tag?post=10507"}],"curies":[{"name":"wp","href":"https:\/\/api.w.org\/{rel}","templated":true}]}}