{"id":10526,"date":"2018-05-25T15:02:01","date_gmt":"2018-05-25T13:02:01","guid":{"rendered":"https:\/\/korwater.fr\/boutique\/uncategorized\/kor-plus-2\/"},"modified":"2022-12-15T22:46:06","modified_gmt":"2022-12-15T21:46:06","slug":"kor-plus-2","status":"publish","type":"product","link":"https:\/\/korwater.fr\/en\/shop\/filtration-en\/kor-plus-2\/","title":{"rendered":"KOR +, hydrogenated water filtration"},"content":{"rendered":"<div class=\"wrapper\"><div  class=\"column-section clearfix spaced-normal  col-align-center no-anim\"><div  class=\"column one-full last-col  col1 no-anim\" >\n<p class=\"home_water_section\" style=\"text-align: center;\">This bottle with filter is to be taken everyday and during sports. Thanks to its filtration system made of coconut fiber, it purifies the water and balances its pH.<\/p>\n<p class=\"home_water_section\" style=\"text-align: center;\">The filter contains rare earth minerals that provide antioxidants that neutralize free radicals that damage cells in the body. As for the electrolytes, they allow better recovery and better performance.<\/strong>.<\/p>\n<p class=\"home_water_section\" style=\"text-align: center;\">KOR + preserves your body thanks to its anti-inflammatory and anti-aging effects.<\/p>\n<\/div><\/div><\/div><div  class=\"fullwidth-section text-dark section1\" style=\"background-color:\"><div class=\"fullwidth-content\"><div class=\"wrapper\"><div  class=\"column-section clearfix spaced-normal  col-align-top no-anim\"><div  class=\"column one-third   col2 no-anim\" >\n<p style=\"text-align: center;\"><strong><img loading=\"lazy\" class=\"alignnone size-full wp-image-10535\" src=\"https:\/\/korwater.fr\/wp-content\/uploads\/2018\/05\/cells.png\" alt=\"\" width=\"72\" height=\"63\" \/><\/strong><\/p>\n<p style=\"text-align: center;\"><strong>Improves skin health<\/strong><\/p>\n<\/div><div  class=\"column one-third   col3 no-anim\" >\n<p style=\"text-align: center;\"><strong><img loading=\"lazy\" class=\"alignnone size-full wp-image-10537\" src=\"https:\/\/korwater.fr\/wp-content\/uploads\/2018\/05\/trainers.png\" alt=\"\" width=\"72\" height=\"66\" \/><\/strong><\/p>\n<p style=\"text-align: center;\"><strong>Increases athletic performance + recovery<br \/>\n<\/strong><\/p>\n<\/div><div  class=\"column one-third last-col  col4 no-anim\" >\n<p style=\"text-align: center;\"><strong><img loading=\"lazy\" class=\"alignnone size-full wp-image-10536\" src=\"https:\/\/korwater.fr\/wp-content\/uploads\/2018\/05\/like.png\" alt=\"\" width=\"72\" height=\"70\" \/><\/strong><\/p>\n<p style=\"text-align: center;\"><strong>Reduces risk of heart disease, stroke + diabetes<br \/>\n<\/strong><\/p>\n<\/div><\/div><\/div><\/div><\/div><div  class=\"fullwidth-section videobg-section text-dark section2\" \tdata-phattype=\"youtube\" \n\t\t\t\t\t\t\t\tdata-phatvideoid=\"O_BAYF-EXuY\"\tdata-phatratio=\"16\/9\"\n\t\t\t\t\t\t\tdata-phatposter=\"\"\n\t\t\t\t\t\t\tdata-phatloop=\"true\"\n\t\t\t\t\t\t\tdata-phatmute=\"false\"\n\t\t\t\t\t\t\tdata-phatplaypause=\"true\"\n\t\t\t\t\t\t\tdata-phatoverlaycolor=\"#ffffff\"\n\t\t\t\t\t\t\tdata-phatoverlayopacity=\"0\"><div class=\"fullwidth-content\"><\/div><\/div><div  class=\"fullwidth-section text-dark section3\" style=\"background-color:\"><div class=\"fullwidth-content\"><div class=\"wrapper\"><div  class=\"column-section clearfix spaced-normal  col-align-top no-anim\"><div  class=\"column one-third   col5 no-anim\" >\n<p><img loading=\"lazy\" class=\"alignnone size-full wp-image-10529 alignright\" src=\"https:\/\/korwater.fr\/wp-content\/uploads\/2018\/05\/antixydants-40x35.png\" alt=\"\" width=\"40\" height=\"35\" \/><\/p>\n<h4 style=\"text-align: right;\">Antioxidants<\/h4>\n<p style=\"text-align: right;\">Neutralizes free radicals that damage cells<\/p>\n<div class=\"spacer spacer-medium \"><\/div>\n<p><img loading=\"lazy\" class=\"alignnone size-full wp-image-10531 alignright\" src=\"https:\/\/korwater.fr\/wp-content\/uploads\/2018\/05\/icon-drops-40x40.png\" alt=\"\" width=\"40\" height=\"35\" \/><\/p>\n<h4 style=\"text-align: right;\">Electrolytes<\/h4>\n<p style=\"text-align: right;\">Increases energy + accelerates muscle recovery<\/p>\n<div class=\"spacer spacer-medium \"><\/div>\n<p><img loading=\"lazy\" class=\"alignnone size-full wp-image-10533 alignright\" src=\"https:\/\/korwater.fr\/wp-content\/uploads\/2018\/05\/icon-scale-40x35.png\" alt=\"\" width=\"40\" height=\"35\" \/><\/p>\n<h4 style=\"text-align: right;\">Alkalinity of 9+<\/h4>\n<p style=\"text-align: right;\">Supports the immune system and rejuvenates the skin<\/p>\n<\/div><div  class=\"column one-third   col6 no-anim\" ><img class=\"lazy\" src=\"data:image\/gif;base64,R0lGODlhAQABAIAAAP\/\/\/wAAACH5BAEAAAAALAAAAAABAAEAAAICRAEAOw==\" alt=\"my-kor-plus\" data-src=\"https:\/\/korwater.fr\/wp-content\/uploads\/2018\/05\/my-kor-plus.png\" width=\"424\" height=\"562\"><\/div><div  class=\"column one-third last-col  col7 no-anim\" >\n<p><img loading=\"lazy\" class=\"size-full wp-image-10530 alignleft\" src=\"https:\/\/korwater.fr\/wp-content\/uploads\/2018\/05\/icon-almonds-34x35.png\" alt=\"\" width=\"34\" height=\"35\" \/><\/p>\n<h4 style=\"text-align: left;\">Magnesium<\/h4>\n<p style=\"text-align: left;\">Promotes bone health and calcium absorption<\/p>\n<div class=\"spacer spacer-medium \"><\/div>\n<p><img loading=\"lazy\" class=\"alignnone size-full wp-image-10532 alignleft\" src=\"https:\/\/korwater.fr\/wp-content\/uploads\/2018\/05\/icon-bananas-40x35.png\" alt=\"\" width=\"40\" height=\"35\" \/><\/p>\n<h4 style=\"text-align: left;\">Potassium<\/h4>\n<p style=\"text-align: left;\">Helps reduce blood pressure and fluid retention<\/p>\n<div class=\"spacer spacer-medium \"><\/div>\n<p><img loading=\"lazy\" class=\"alignnone size-full wp-image-10534 alignleft\" src=\"https:\/\/korwater.fr\/wp-content\/uploads\/2018\/05\/icon-milk-28x35.png\" alt=\"\" width=\"28\" height=\"35\" \/><\/p>\n<h4 style=\"text-align: left;\">Calcium<\/h4>\n<p style=\"text-align: left;\">Reduces the risk of stroke and heart disease<\/p>\n<\/div><\/div><\/div><\/div><\/div><div  class=\"fullwidth-section text-dark section4\" style=\"background-color:\"><div class=\"fullwidth-content\">\n<p class=\"blue-citation\" style=\"text-align: center;\"><em>In order for the filter to remain effective, it must be changed every month.<\/em><\/p>\n<p class=\"blue-citation\" style=\"text-align: center;\"><em>For convenience, you can subscribe to receive one each month and cancel at any time!<\/em><\/p>\n<div class=\"spacer spacer-big \"><\/div><div class=\"wrapper\"><div  class=\"column-section clearfix spaced-normal  col-align-center no-anim\"><div  class=\"column one-half   col8 no-anim\" >\n<h3>A SUSTAINABLE AND ECOLOGICAL BOTTLE<\/h3>\n<p>Still an important asset today, Kor Plus also protects the environment. Kor is made from durable materials, BPA free and safe for health.<\/p>\n<p>Cette bouteille peut \u00eatre utilis\u00e9e sur du long terme, r\u00e9utilisable \u00e0 l\u2019infini.<\/p>\n<p>Tandis que la bouteille en plastique lib\u00e8re des particules n\u00e9fastes pour la sant\u00e9 et engendre beaucoup de pollution..<\/p>\n<\/div><div  class=\"column one-half last-col  col9 no-anim\" ><img class=\"lazy\" src=\"data:image\/gif;base64,R0lGODlhAQABAIAAAP\/\/\/wAAACH5BAEAAAAALAAAAAABAAEAAAICRAEAOw==\" alt=\"KOR-3b2a1000\" data-src=\"https:\/\/korwater.fr\/wp-content\/uploads\/2018\/05\/KOR-3b2a1000.png\" width=\"833\" height=\"684\"><\/div><\/div><\/div><\/div><\/div>\n","protected":false},"excerpt":{"rendered":"<p><strong>KOR+ filter water bottle<br \/>\n<\/strong><em>Water that preserves your health and helps you to be more efficient.<\/em><\/p>\n<p><em><strong>Design at the service of science.<\/strong><\/em><\/p>\n<p>The KOR + box contains:<\/p>\n<ul>\n<li>a KOR+ bottle<\/li>\n<li>a KOR+ filter<\/li>\n<\/ul>\n<p><em>*additional filters sold separately<\/em><\/p>\n","protected":false},"featured_media":10351,"template":"","meta":[],"product_cat":[157],"product_tag":[],"yoast_head":"<!-- This site is optimized with the Yoast SEO plugin v19.2 - https:\/\/yoast.com\/wordpress\/plugins\/seo\/ -->\n<title>Filter bottle enriched with KOR + hydrogenated water (100% natural)<\/title>\n<meta name=\"description\" content=\"KOR + filter bottle: hydrogen-enriched water. Purifies the water. Antioxidant effects, increased energy performance. Preserved health and well-being\" \/>\n<meta name=\"robots\" content=\"index, follow, max-snippet:-1, max-image-preview:large, max-video-preview:-1\" \/>\n<link rel=\"canonical\" href=\"https:\/\/korwater.fr\/en\/shop\/filtration-en\/kor-plus-2\/\" \/>\n<meta property=\"og:locale\" content=\"en_US\" \/>\n<meta property=\"og:type\" content=\"article\" \/>\n<meta property=\"og:title\" content=\"Filter bottle enriched with KOR + hydrogenated water (100% natural)\" \/>\n<meta property=\"og:description\" content=\"KOR + filter bottle: hydrogen-enriched water. Purifies the water. Antioxidant effects, increased energy performance. Preserved health and well-being\" \/>\n<meta property=\"og:url\" content=\"https:\/\/korwater.fr\/en\/shop\/filtration-en\/kor-plus-2\/\" \/>\n<meta property=\"og:site_name\" content=\"KOR\" \/>\n<meta property=\"article:publisher\" content=\"https:\/\/www.facebook.com\/KORWater.France\/\" \/>\n<meta property=\"article:modified_time\" content=\"2022-12-15T21:46:06+00:00\" \/>\n<meta property=\"og:image\" content=\"https:\/\/korwater.fr\/wp-content\/uploads\/2018\/05\/korplus_front_900x.jpg\" \/>\n\t<meta property=\"og:image:width\" content=\"900\" \/>\n\t<meta property=\"og:image:height\" content=\"900\" \/>\n\t<meta property=\"og:image:type\" content=\"image\/jpeg\" \/>\n<meta name=\"author\" content=\"Julien\" \/>\n<meta name=\"twitter:card\" content=\"summary_large_image\" \/>\n<meta name=\"twitter:label1\" content=\"Est. reading time\" \/>\n\t<meta name=\"twitter:data1\" content=\"3 minutes\" \/>\n<script type=\"application\/ld+json\" class=\"yoast-schema-graph\">{\"@context\":\"https:\/\/schema.org\",\"@graph\":[{\"@type\":\"Organization\",\"@id\":\"https:\/\/korwater.fr\/#organization\",\"name\":\"KOR Water France\",\"url\":\"https:\/\/korwater.fr\/\",\"sameAs\":[\"https:\/\/instagram.com\/korwaterfr\",\"https:\/\/www.facebook.com\/KORWater.France\/\"],\"logo\":{\"@type\":\"ImageObject\",\"inLanguage\":\"en-US\",\"@id\":\"https:\/\/korwater.fr\/#\/schema\/logo\/image\/\",\"url\":\"https:\/\/korwater.fr\/wp-content\/uploads\/2019\/11\/kor-logo.png\",\"contentUrl\":\"https:\/\/korwater.fr\/wp-content\/uploads\/2019\/11\/kor-logo.png\",\"width\":300,\"height\":125,\"caption\":\"KOR Water France\"},\"image\":{\"@id\":\"https:\/\/korwater.fr\/#\/schema\/logo\/image\/\"}},{\"@type\":\"WebSite\",\"@id\":\"https:\/\/korwater.fr\/#website\",\"url\":\"https:\/\/korwater.fr\/\",\"name\":\"KOR\",\"description\":\"L&#039;Eau, Le Design, la Plan\u00e8te\",\"publisher\":{\"@id\":\"https:\/\/korwater.fr\/#organization\"},\"potentialAction\":[{\"@type\":\"SearchAction\",\"target\":{\"@type\":\"EntryPoint\",\"urlTemplate\":\"https:\/\/korwater.fr\/?s={search_term_string}\"},\"query-input\":\"required name=search_term_string\"}],\"inLanguage\":\"en-US\"},{\"@type\":\"ImageObject\",\"inLanguage\":\"en-US\",\"@id\":\"https:\/\/korwater.fr\/en\/shop\/filtration-en\/kor-plus-2\/#primaryimage\",\"url\":\"https:\/\/korwater.fr\/wp-content\/uploads\/2018\/05\/korplus_front_900x.jpg\",\"contentUrl\":\"https:\/\/korwater.fr\/wp-content\/uploads\/2018\/05\/korplus_front_900x.jpg\",\"width\":900,\"height\":900},{\"@type\":\"WebPage\",\"@id\":\"https:\/\/korwater.fr\/en\/shop\/filtration-en\/kor-plus-2\/#webpage\",\"url\":\"https:\/\/korwater.fr\/en\/shop\/filtration-en\/kor-plus-2\/\",\"name\":\"Filter bottle enriched with KOR + hydrogenated water (100% natural)\",\"isPartOf\":{\"@id\":\"https:\/\/korwater.fr\/#website\"},\"primaryImageOfPage\":{\"@id\":\"https:\/\/korwater.fr\/en\/shop\/filtration-en\/kor-plus-2\/#primaryimage\"},\"datePublished\":\"2018-05-25T13:02:01+00:00\",\"dateModified\":\"2022-12-15T21:46:06+00:00\",\"description\":\"KOR + filter bottle: hydrogen-enriched water. Purifies the water. Antioxidant effects, increased energy performance. Preserved health and well-being\",\"breadcrumb\":{\"@id\":\"https:\/\/korwater.fr\/en\/shop\/filtration-en\/kor-plus-2\/#breadcrumb\"},\"inLanguage\":\"en-US\",\"potentialAction\":[{\"@type\":\"ReadAction\",\"target\":[\"https:\/\/korwater.fr\/en\/shop\/filtration-en\/kor-plus-2\/\"]}]},{\"@type\":\"BreadcrumbList\",\"@id\":\"https:\/\/korwater.fr\/en\/shop\/filtration-en\/kor-plus-2\/#breadcrumb\",\"itemListElement\":[{\"@type\":\"ListItem\",\"position\":1,\"name\":\"Accueil\",\"item\":\"https:\/\/korwater.fr\/en\/\"},{\"@type\":\"ListItem\",\"position\":2,\"name\":\"Shop\",\"item\":\"https:\/\/korwater.fr\/en\/korshop\/\"},{\"@type\":\"ListItem\",\"position\":3,\"name\":\"KOR +, hydrogenated water filtration\"}]}]}<\/script>\n<!-- \/ Yoast SEO plugin. -->","yoast_head_json":{"title":"Filter bottle enriched with KOR + hydrogenated water (100% natural)","description":"KOR + filter bottle: hydrogen-enriched water. Purifies the water. Antioxidant effects, increased energy performance. Preserved health and well-being","robots":{"index":"index","follow":"follow","max-snippet":"max-snippet:-1","max-image-preview":"max-image-preview:large","max-video-preview":"max-video-preview:-1"},"canonical":"https:\/\/korwater.fr\/en\/shop\/filtration-en\/kor-plus-2\/","og_locale":"en_US","og_type":"article","og_title":"Filter bottle enriched with KOR + hydrogenated water (100% natural)","og_description":"KOR + filter bottle: hydrogen-enriched water. Purifies the water. Antioxidant effects, increased energy performance. Preserved health and well-being","og_url":"https:\/\/korwater.fr\/en\/shop\/filtration-en\/kor-plus-2\/","og_site_name":"KOR","article_publisher":"https:\/\/www.facebook.com\/KORWater.France\/","article_modified_time":"2022-12-15T21:46:06+00:00","og_image":[{"width":900,"height":900,"url":"https:\/\/korwater.fr\/wp-content\/uploads\/2018\/05\/korplus_front_900x.jpg","type":"image\/jpeg"}],"author":"Julien","twitter_card":"summary_large_image","twitter_misc":{"Est. reading time":"3 minutes"},"schema":{"@context":"https:\/\/schema.org","@graph":[{"@type":"Organization","@id":"https:\/\/korwater.fr\/#organization","name":"KOR Water France","url":"https:\/\/korwater.fr\/","sameAs":["https:\/\/instagram.com\/korwaterfr","https:\/\/www.facebook.com\/KORWater.France\/"],"logo":{"@type":"ImageObject","inLanguage":"en-US","@id":"https:\/\/korwater.fr\/#\/schema\/logo\/image\/","url":"https:\/\/korwater.fr\/wp-content\/uploads\/2019\/11\/kor-logo.png","contentUrl":"https:\/\/korwater.fr\/wp-content\/uploads\/2019\/11\/kor-logo.png","width":300,"height":125,"caption":"KOR Water France"},"image":{"@id":"https:\/\/korwater.fr\/#\/schema\/logo\/image\/"}},{"@type":"WebSite","@id":"https:\/\/korwater.fr\/#website","url":"https:\/\/korwater.fr\/","name":"KOR","description":"L&#039;Eau, Le Design, la Plan\u00e8te","publisher":{"@id":"https:\/\/korwater.fr\/#organization"},"potentialAction":[{"@type":"SearchAction","target":{"@type":"EntryPoint","urlTemplate":"https:\/\/korwater.fr\/?s={search_term_string}"},"query-input":"required name=search_term_string"}],"inLanguage":"en-US"},{"@type":"ImageObject","inLanguage":"en-US","@id":"https:\/\/korwater.fr\/en\/shop\/filtration-en\/kor-plus-2\/#primaryimage","url":"https:\/\/korwater.fr\/wp-content\/uploads\/2018\/05\/korplus_front_900x.jpg","contentUrl":"https:\/\/korwater.fr\/wp-content\/uploads\/2018\/05\/korplus_front_900x.jpg","width":900,"height":900},{"@type":"WebPage","@id":"https:\/\/korwater.fr\/en\/shop\/filtration-en\/kor-plus-2\/#webpage","url":"https:\/\/korwater.fr\/en\/shop\/filtration-en\/kor-plus-2\/","name":"Filter bottle enriched with KOR + hydrogenated water (100% natural)","isPartOf":{"@id":"https:\/\/korwater.fr\/#website"},"primaryImageOfPage":{"@id":"https:\/\/korwater.fr\/en\/shop\/filtration-en\/kor-plus-2\/#primaryimage"},"datePublished":"2018-05-25T13:02:01+00:00","dateModified":"2022-12-15T21:46:06+00:00","description":"KOR + filter bottle: hydrogen-enriched water. Purifies the water. Antioxidant effects, increased energy performance. Preserved health and well-being","breadcrumb":{"@id":"https:\/\/korwater.fr\/en\/shop\/filtration-en\/kor-plus-2\/#breadcrumb"},"inLanguage":"en-US","potentialAction":[{"@type":"ReadAction","target":["https:\/\/korwater.fr\/en\/shop\/filtration-en\/kor-plus-2\/"]}]},{"@type":"BreadcrumbList","@id":"https:\/\/korwater.fr\/en\/shop\/filtration-en\/kor-plus-2\/#breadcrumb","itemListElement":[{"@type":"ListItem","position":1,"name":"Accueil","item":"https:\/\/korwater.fr\/en\/"},{"@type":"ListItem","position":2,"name":"Shop","item":"https:\/\/korwater.fr\/en\/korshop\/"},{"@type":"ListItem","position":3,"name":"KOR +, hydrogenated water filtration"}]}]}},"_links":{"self":[{"href":"https:\/\/korwater.fr\/en\/wp-json\/wp\/v2\/product\/10526"}],"collection":[{"href":"https:\/\/korwater.fr\/en\/wp-json\/wp\/v2\/product"}],"about":[{"href":"https:\/\/korwater.fr\/en\/wp-json\/wp\/v2\/types\/product"}],"wp:featuredmedia":[{"embeddable":true,"href":"https:\/\/korwater.fr\/en\/wp-json\/wp\/v2\/media\/10351"}],"wp:attachment":[{"href":"https:\/\/korwater.fr\/en\/wp-json\/wp\/v2\/media?parent=10526"}],"wp:term":[{"taxonomy":"product_cat","embeddable":true,"href":"https:\/\/korwater.fr\/en\/wp-json\/wp\/v2\/product_cat?post=10526"},{"taxonomy":"product_tag","embeddable":true,"href":"https:\/\/korwater.fr\/en\/wp-json\/wp\/v2\/product_tag?post=10526"}],"curies":[{"name":"wp","href":"https:\/\/api.w.org\/{rel}","templated":true}]}}